{"id":18187,"date":"2021-03-26T22:55:29","date_gmt":"2021-03-26T21:55:29","guid":{"rendered":"https:\/\/lieht-shop.com\/shop\/erlkoenig-pendant-light\/"},"modified":"2026-02-08T22:48:51","modified_gmt":"2026-02-08T21:48:51","slug":"erlkoenig-pendant-light","status":"publish","type":"product","link":"https:\/\/lieht-shop.com\/en\/shop\/erlkoenig-pendant-light\/","title":{"rendered":"ERLK\u00d6NIG pendant light"},"content":{"rendered":"<p>SUSPENSION LAMP ERLK\u00d6NIG<\/p>\n<p><em>&#8220;Father, do not you see the Erlking? The Erlenk\u00f6nig with crown and tail? &#8220;(Johann Wolfgang von Goehte)<\/em><\/p>\n<p>&nbsp;<\/p>\n<p>Wonderful-looking, filigree LED pendant luminaire made with the highest precision from LICHTMANUFAKTUR LIEHT. With an astonishing luminosity and convincing light quality, ERLK\u00d6NIG is at home wherever the highest level of perfection in design and technology is part of the owner&#8217;s demands.<\/p>\n<hr>\n<p>&nbsp;<\/p>\n<p>SUSPENSION LAMP ERLK\u00d6NIG \/ DATA SHEET:<\/p>\n<ul>\n<li>Variant: 1 ball<\/li>\n<li>Dimensions cable: l L = 2000 mm (max)<\/li>\n<li>Ball \u00d8 50mm<\/li>\n<li>Glass lens: magnetically removable \/ exchangeable<\/li>\n<li>Color temperature: 2700 K<\/li>\n<li>Color rendering CRI:&gt; 90<\/li>\n<li>Light intensity 1 x 580 lm<\/li>\n<li>Marked by CE \/ IP20<\/li>\n<li>Material: brass \/ glass<\/li>\n<li>Dimming: Phase control<\/li>\n<li>Colors and coating:\n<ul>\n<li style=\"list-style-type: none;\">\n<ul>\n<li>white matt fine structure, RAL 9016<\/li>\n<li>black matt fine structure, RAL 9005<\/li>\n<li>Polished Brass<\/li>\n<\/ul>\n<\/li>\n<\/ul>\n<\/li>\n<\/ul>\n","protected":false},"excerpt":{"rendered":"<p>SUSPENSION LAMP ERLK\u00d6NIG &#8220;Father, do not you see the Erlking? The Erlenk\u00f6nig with crown and tail? &#8220;(Johann Wolfgang von Goehte) &nbsp; Wonderful-looking, filigree LED pendant luminaire made with the highest precision from LICHTMANUFAKTUR LIEHT. With an astonishing luminosity and convincing light quality, ERLK\u00d6NIG is at home wherever the highest level of perfection in design and [&#8230;]<\/p>\n","protected":false},"featured_media":19440,"comment_status":"closed","ping_status":"closed","template":"","meta":{"_monsterinsights_skip_tracking":false,"_monsterinsights_sitenote_active":false,"_monsterinsights_sitenote_note":"","_monsterinsights_sitenote_category":0},"product_brand":[],"product_cat":[373,285],"product_tag":[179,276,201,61],"class_list":{"0":"post-18187","1":"product","2":"type-product","3":"status-publish","4":"has-post-thumbnail","6":"pinterest_tags-design","7":"pinterest_tags-erlkoenig","8":"pinterest_tags-leuchte","9":"pinterest_tags-led","10":"product_cat-erlkoenig","11":"product_cat-pendant-lamp-erlkoenig","12":"product_tag-ball","13":"product_tag-elf-king","14":"product_tag-led-en","15":"product_tag-pendant-light","16":"product_shipping_class-small-luminaire","18":"first","19":"instock","20":"taxable","21":"shipping-taxable","22":"purchasable","23":"product-type-variable"},"exclude_global_add_ons":[],"addons":[],"yoast_head":"<!-- This site is optimized with the Yoast SEO plugin v27.4 - https:\/\/yoast.com\/product\/yoast-seo-wordpress\/ -->\n<title>ERLK\u00d6NIG pendant light - LIEHT - Die Lichtmanufaktur<\/title>\n<meta name=\"robots\" content=\"index, follow, max-snippet:-1, max-image-preview:large, max-video-preview:-1\" \/>\n<link rel=\"canonical\" href=\"https:\/\/lieht-shop.com\/en\/shop\/erlkoenig-pendant-light\/\" \/>\n<meta property=\"og:locale\" content=\"en_US\" \/>\n<meta property=\"og:type\" content=\"article\" \/>\n<meta property=\"og:title\" content=\"ERLK\u00d6NIG pendant light - LIEHT - Die Lichtmanufaktur\" \/>\n<meta property=\"og:description\" content=\"SUSPENSION LAMP ERLK\u00d6NIG &#8220;Father, do not you see the Erlking? The Erlenk\u00f6nig with crown and tail? &#8220;(Johann Wolfgang von Goehte) &nbsp; Wonderful-looking, filigree LED pendant luminaire made with the highest precision from LICHTMANUFAKTUR LIEHT. With an astonishing luminosity and convincing light quality, ERLK\u00d6NIG is at home wherever the highest level of perfection in design and [...]\" \/>\n<meta property=\"og:url\" content=\"https:\/\/lieht-shop.com\/en\/shop\/erlkoenig-pendant-light\/\" \/>\n<meta property=\"og:site_name\" content=\"LIEHT - Die Lichtmanufaktur\" \/>\n<meta property=\"article:publisher\" content=\"http:\/\/www.facebook.com\/Lichtmanufaktur\" \/>\n<meta property=\"article:modified_time\" content=\"2026-02-08T21:48:51+00:00\" \/>\n<meta property=\"og:image\" content=\"https:\/\/lieht-shop.com\/wp-content\/uploads\/2024\/02\/IMG_0669.jpeg\" \/>\n\t<meta property=\"og:image:width\" content=\"1536\" \/>\n\t<meta property=\"og:image:height\" content=\"2048\" \/>\n\t<meta property=\"og:image:type\" content=\"image\/jpeg\" \/>\n<meta name=\"twitter:label1\" content=\"Est. reading time\" \/>\n\t<meta name=\"twitter:data1\" content=\"1 minute\" \/>\n<script type=\"application\/ld+json\" class=\"yoast-schema-graph\">{\"@context\":\"https:\\\/\\\/schema.org\",\"@graph\":[{\"@type\":\"WebPage\",\"@id\":\"https:\\\/\\\/lieht-shop.com\\\/en\\\/shop\\\/erlkoenig-pendant-light\\\/\",\"url\":\"https:\\\/\\\/lieht-shop.com\\\/en\\\/shop\\\/erlkoenig-pendant-light\\\/\",\"name\":\"ERLK\u00d6NIG pendant light - LIEHT - Die Lichtmanufaktur\",\"isPartOf\":{\"@id\":\"https:\\\/\\\/lieht-shop.com\\\/en\\\/#website\"},\"primaryImageOfPage\":{\"@id\":\"https:\\\/\\\/lieht-shop.com\\\/en\\\/shop\\\/erlkoenig-pendant-light\\\/#primaryimage\"},\"image\":{\"@id\":\"https:\\\/\\\/lieht-shop.com\\\/en\\\/shop\\\/erlkoenig-pendant-light\\\/#primaryimage\"},\"thumbnailUrl\":\"https:\\\/\\\/lieht-shop.com\\\/wp-content\\\/uploads\\\/2024\\\/02\\\/IMG_0669-e1770669247100.jpeg\",\"datePublished\":\"2021-03-26T21:55:29+00:00\",\"dateModified\":\"2026-02-08T21:48:51+00:00\",\"breadcrumb\":{\"@id\":\"https:\\\/\\\/lieht-shop.com\\\/en\\\/shop\\\/erlkoenig-pendant-light\\\/#breadcrumb\"},\"inLanguage\":\"en-US\",\"potentialAction\":[{\"@type\":\"ReadAction\",\"target\":[\"https:\\\/\\\/lieht-shop.com\\\/en\\\/shop\\\/erlkoenig-pendant-light\\\/\"]}]},{\"@type\":\"ImageObject\",\"inLanguage\":\"en-US\",\"@id\":\"https:\\\/\\\/lieht-shop.com\\\/en\\\/shop\\\/erlkoenig-pendant-light\\\/#primaryimage\",\"url\":\"https:\\\/\\\/lieht-shop.com\\\/wp-content\\\/uploads\\\/2024\\\/02\\\/IMG_0669-e1770669247100.jpeg\",\"contentUrl\":\"https:\\\/\\\/lieht-shop.com\\\/wp-content\\\/uploads\\\/2024\\\/02\\\/IMG_0669-e1770669247100.jpeg\",\"width\":1536,\"height\":2048,\"caption\":\"LIEHT ERLKOENIG pendant light brass\"},{\"@type\":\"BreadcrumbList\",\"@id\":\"https:\\\/\\\/lieht-shop.com\\\/en\\\/shop\\\/erlkoenig-pendant-light\\\/#breadcrumb\",\"itemListElement\":[{\"@type\":\"ListItem\",\"position\":1,\"name\":\"Startseite\",\"item\":\"https:\\\/\\\/lieht-shop.com\\\/en\\\/\"},{\"@type\":\"ListItem\",\"position\":2,\"name\":\"Welcome to LIEHT SHOP &#8211; special. beautiful. Light.\",\"item\":\"https:\\\/\\\/lieht-shop.com\\\/en\\\/\"},{\"@type\":\"ListItem\",\"position\":3,\"name\":\"ERLK\u00d6NIG pendant light\"}]},{\"@type\":\"WebSite\",\"@id\":\"https:\\\/\\\/lieht-shop.com\\\/en\\\/#website\",\"url\":\"https:\\\/\\\/lieht-shop.com\\\/en\\\/\",\"name\":\"Exklusive Leuchten | LIEHT Shop\",\"description\":\"eShop\",\"publisher\":{\"@id\":\"https:\\\/\\\/lieht-shop.com\\\/en\\\/#organization\"},\"alternateName\":\"Exklusive Leuchten und Lichtplanungen\",\"potentialAction\":[{\"@type\":\"SearchAction\",\"target\":{\"@type\":\"EntryPoint\",\"urlTemplate\":\"https:\\\/\\\/lieht-shop.com\\\/en\\\/?s={search_term_string}\"},\"query-input\":{\"@type\":\"PropertyValueSpecification\",\"valueRequired\":true,\"valueName\":\"search_term_string\"}}],\"inLanguage\":\"en-US\"},{\"@type\":\"Organization\",\"@id\":\"https:\\\/\\\/lieht-shop.com\\\/en\\\/#organization\",\"name\":\"LIEHT - Die Lichtmanufaktur\",\"url\":\"https:\\\/\\\/lieht-shop.com\\\/en\\\/\",\"logo\":{\"@type\":\"ImageObject\",\"inLanguage\":\"en-US\",\"@id\":\"https:\\\/\\\/lieht-shop.com\\\/en\\\/#\\\/schema\\\/logo\\\/image\\\/\",\"url\":\"https:\\\/\\\/lieht-shop.com\\\/wp-content\\\/uploads\\\/2026\\\/02\\\/onlyLIEHT_V3_BW__square.jpg\",\"contentUrl\":\"https:\\\/\\\/lieht-shop.com\\\/wp-content\\\/uploads\\\/2026\\\/02\\\/onlyLIEHT_V3_BW__square.jpg\",\"width\":1000,\"height\":1000,\"caption\":\"LIEHT - Die Lichtmanufaktur\"},\"image\":{\"@id\":\"https:\\\/\\\/lieht-shop.com\\\/en\\\/#\\\/schema\\\/logo\\\/image\\\/\"},\"sameAs\":[\"http:\\\/\\\/www.facebook.com\\\/Lichtmanufaktur\",\"https:\\\/\\\/www.instagram.com\\\/liehtdielichtmanufaktur\\\/\",\"https:\\\/\\\/www.pinterest.de\\\/dieLichtmanufaktur\\\/\",\"https:\\\/\\\/www.youtube.com\\\/channel\\\/UCm_bmLLAP2y42jrGT2j-QhA\"]}]}<\/script>\n<!-- \/ Yoast SEO plugin. -->","yoast_head_json":{"title":"ERLK\u00d6NIG pendant light - LIEHT - Die Lichtmanufaktur","robots":{"index":"index","follow":"follow","max-snippet":"max-snippet:-1","max-image-preview":"max-image-preview:large","max-video-preview":"max-video-preview:-1"},"canonical":"https:\/\/lieht-shop.com\/en\/shop\/erlkoenig-pendant-light\/","og_locale":"en_US","og_type":"article","og_title":"ERLK\u00d6NIG pendant light - LIEHT - Die Lichtmanufaktur","og_description":"SUSPENSION LAMP ERLK\u00d6NIG &#8220;Father, do not you see the Erlking? The Erlenk\u00f6nig with crown and tail? &#8220;(Johann Wolfgang von Goehte) &nbsp; Wonderful-looking, filigree LED pendant luminaire made with the highest precision from LICHTMANUFAKTUR LIEHT. With an astonishing luminosity and convincing light quality, ERLK\u00d6NIG is at home wherever the highest level of perfection in design and [...]","og_url":"https:\/\/lieht-shop.com\/en\/shop\/erlkoenig-pendant-light\/","og_site_name":"LIEHT - Die Lichtmanufaktur","article_publisher":"http:\/\/www.facebook.com\/Lichtmanufaktur","article_modified_time":"2026-02-08T21:48:51+00:00","og_image":[{"width":1536,"height":2048,"url":"https:\/\/lieht-shop.com\/wp-content\/uploads\/2024\/02\/IMG_0669.jpeg","type":"image\/jpeg"}],"twitter_misc":{"Est. reading time":"1 minute"},"schema":{"@context":"https:\/\/schema.org","@graph":[{"@type":"WebPage","@id":"https:\/\/lieht-shop.com\/en\/shop\/erlkoenig-pendant-light\/","url":"https:\/\/lieht-shop.com\/en\/shop\/erlkoenig-pendant-light\/","name":"ERLK\u00d6NIG pendant light - LIEHT - Die Lichtmanufaktur","isPartOf":{"@id":"https:\/\/lieht-shop.com\/en\/#website"},"primaryImageOfPage":{"@id":"https:\/\/lieht-shop.com\/en\/shop\/erlkoenig-pendant-light\/#primaryimage"},"image":{"@id":"https:\/\/lieht-shop.com\/en\/shop\/erlkoenig-pendant-light\/#primaryimage"},"thumbnailUrl":"https:\/\/lieht-shop.com\/wp-content\/uploads\/2024\/02\/IMG_0669-e1770669247100.jpeg","datePublished":"2021-03-26T21:55:29+00:00","dateModified":"2026-02-08T21:48:51+00:00","breadcrumb":{"@id":"https:\/\/lieht-shop.com\/en\/shop\/erlkoenig-pendant-light\/#breadcrumb"},"inLanguage":"en-US","potentialAction":[{"@type":"ReadAction","target":["https:\/\/lieht-shop.com\/en\/shop\/erlkoenig-pendant-light\/"]}]},{"@type":"ImageObject","inLanguage":"en-US","@id":"https:\/\/lieht-shop.com\/en\/shop\/erlkoenig-pendant-light\/#primaryimage","url":"https:\/\/lieht-shop.com\/wp-content\/uploads\/2024\/02\/IMG_0669-e1770669247100.jpeg","contentUrl":"https:\/\/lieht-shop.com\/wp-content\/uploads\/2024\/02\/IMG_0669-e1770669247100.jpeg","width":1536,"height":2048,"caption":"LIEHT ERLKOENIG pendant light brass"},{"@type":"BreadcrumbList","@id":"https:\/\/lieht-shop.com\/en\/shop\/erlkoenig-pendant-light\/#breadcrumb","itemListElement":[{"@type":"ListItem","position":1,"name":"Startseite","item":"https:\/\/lieht-shop.com\/en\/"},{"@type":"ListItem","position":2,"name":"Welcome to LIEHT SHOP &#8211; special. beautiful. Light.","item":"https:\/\/lieht-shop.com\/en\/"},{"@type":"ListItem","position":3,"name":"ERLK\u00d6NIG pendant light"}]},{"@type":"WebSite","@id":"https:\/\/lieht-shop.com\/en\/#website","url":"https:\/\/lieht-shop.com\/en\/","name":"Exklusive Leuchten | LIEHT Shop","description":"eShop","publisher":{"@id":"https:\/\/lieht-shop.com\/en\/#organization"},"alternateName":"Exklusive Leuchten und Lichtplanungen","potentialAction":[{"@type":"SearchAction","target":{"@type":"EntryPoint","urlTemplate":"https:\/\/lieht-shop.com\/en\/?s={search_term_string}"},"query-input":{"@type":"PropertyValueSpecification","valueRequired":true,"valueName":"search_term_string"}}],"inLanguage":"en-US"},{"@type":"Organization","@id":"https:\/\/lieht-shop.com\/en\/#organization","name":"LIEHT - Die Lichtmanufaktur","url":"https:\/\/lieht-shop.com\/en\/","logo":{"@type":"ImageObject","inLanguage":"en-US","@id":"https:\/\/lieht-shop.com\/en\/#\/schema\/logo\/image\/","url":"https:\/\/lieht-shop.com\/wp-content\/uploads\/2026\/02\/onlyLIEHT_V3_BW__square.jpg","contentUrl":"https:\/\/lieht-shop.com\/wp-content\/uploads\/2026\/02\/onlyLIEHT_V3_BW__square.jpg","width":1000,"height":1000,"caption":"LIEHT - Die Lichtmanufaktur"},"image":{"@id":"https:\/\/lieht-shop.com\/en\/#\/schema\/logo\/image\/"},"sameAs":["http:\/\/www.facebook.com\/Lichtmanufaktur","https:\/\/www.instagram.com\/liehtdielichtmanufaktur\/","https:\/\/www.pinterest.de\/dieLichtmanufaktur\/","https:\/\/www.youtube.com\/channel\/UCm_bmLLAP2y42jrGT2j-QhA"]}]}},"jetpack_sharing_enabled":true,"_links":{"self":[{"href":"https:\/\/lieht-shop.com\/en\/wp-json\/wp\/v2\/product\/18187","targetHints":{"allow":["GET"]}}],"collection":[{"href":"https:\/\/lieht-shop.com\/en\/wp-json\/wp\/v2\/product"}],"about":[{"href":"https:\/\/lieht-shop.com\/en\/wp-json\/wp\/v2\/types\/product"}],"replies":[{"embeddable":true,"href":"https:\/\/lieht-shop.com\/en\/wp-json\/wp\/v2\/comments?post=18187"}],"wp:featuredmedia":[{"embeddable":true,"href":"https:\/\/lieht-shop.com\/en\/wp-json\/wp\/v2\/media\/19440"}],"wp:attachment":[{"href":"https:\/\/lieht-shop.com\/en\/wp-json\/wp\/v2\/media?parent=18187"}],"wp:term":[{"taxonomy":"product_brand","embeddable":true,"href":"https:\/\/lieht-shop.com\/en\/wp-json\/wp\/v2\/product_brand?post=18187"},{"taxonomy":"product_cat","embeddable":true,"href":"https:\/\/lieht-shop.com\/en\/wp-json\/wp\/v2\/product_cat?post=18187"},{"taxonomy":"product_tag","embeddable":true,"href":"https:\/\/lieht-shop.com\/en\/wp-json\/wp\/v2\/product_tag?post=18187"}],"curies":[{"name":"wp","href":"https:\/\/api.w.org\/{rel}","templated":true}]}}